{"id":4646,"date":"2020-11-05T13:32:57","date_gmt":"2020-11-05T12:32:58","guid":{"rendered":"https:\/\/ornamante.com\/new\/?post_type=product&#038;p=4646"},"modified":"2025-04-16T15:12:11","modified_gmt":"2025-04-16T13:12:11","slug":"hipolito-planterio-by-laura-agusti","status":"publish","type":"product","link":"https:\/\/ornamante.com\/en\/producto\/hipolito-planterio-by-laura-agusti\/","title":{"rendered":"Hip\u00f3lito Planter\u00edo by Laura Agust\u00ed"},"content":{"rendered":"","protected":false},"excerpt":{"rendered":"<p><strong>LIO<\/strong> is a special edition of our pieces, customized by other artists from different artistic disciplines, as illustration, painting, graffiti or toy art.<\/p>\n<p><strong>Hip\u00f3lito \u201cPlanter\u00edo\u201d<\/strong> was a unique piece customized by the Spanish artist <strong>Laura Agust\u00ed <\/strong>for the Ornamante special edition of <strong>2019 (LIO19)<\/strong><\/p>\n","protected":false},"featured_media":4640,"comment_status":"closed","ping_status":"closed","template":"","meta":{"_joinchat":[]},"product_cat":[153],"product_tag":[],"_links":{"self":[{"href":"https:\/\/ornamante.com\/en\/wp-json\/wp\/v2\/product\/4646"}],"collection":[{"href":"https:\/\/ornamante.com\/en\/wp-json\/wp\/v2\/product"}],"about":[{"href":"https:\/\/ornamante.com\/en\/wp-json\/wp\/v2\/types\/product"}],"replies":[{"embeddable":true,"href":"https:\/\/ornamante.com\/en\/wp-json\/wp\/v2\/comments?post=4646"}],"wp:featuredmedia":[{"embeddable":true,"href":"https:\/\/ornamante.com\/en\/wp-json\/wp\/v2\/media\/4640"}],"wp:attachment":[{"href":"https:\/\/ornamante.com\/en\/wp-json\/wp\/v2\/media?parent=4646"}],"wp:term":[{"taxonomy":"product_cat","embeddable":true,"href":"https:\/\/ornamante.com\/en\/wp-json\/wp\/v2\/product_cat?post=4646"},{"taxonomy":"product_tag","embeddable":true,"href":"https:\/\/ornamante.com\/en\/wp-json\/wp\/v2\/product_tag?post=4646"}],"curies":[{"name":"wp","href":"https:\/\/api.w.org\/{rel}","templated":true}]}}