{"id":4399,"date":"2020-05-25T10:58:25","date_gmt":"2020-05-25T08:58:25","guid":{"rendered":"https:\/\/ornamante.com\/new\/producto\/hipolito-botanical-by-raul-del-sol\/"},"modified":"2025-04-16T15:35:32","modified_gmt":"2025-04-16T13:35:32","slug":"hipolito-botanical-by-raul-del-sol","status":"publish","type":"product","link":"https:\/\/ornamante.com\/en\/producto\/hipolito-botanical-by-raul-del-sol\/","title":{"rendered":"Hip\u00f3lito Bot\u00e1nical by Ra\u00fal del Sol"},"content":{"rendered":"","protected":false},"excerpt":{"rendered":"<p><strong>LIO<\/strong> is a special edition of our pieces, customized by other artists from different artistic disciplines, as illustration, painting, graffiti or toy art.<\/p>\n<p><strong>Hip\u00f3lito \u201cBotanical\u201d<\/strong> was a unique piece customized by the Spanish artist <strong>Ra\u00fal del Sol<\/strong> for the Ornamante special edition of <strong>2015 (LIO15)<\/strong><\/p>\n","protected":false},"featured_media":4389,"comment_status":"closed","ping_status":"closed","template":"","meta":{"_joinchat":[]},"product_cat":[153],"product_tag":[],"_links":{"self":[{"href":"https:\/\/ornamante.com\/en\/wp-json\/wp\/v2\/product\/4399"}],"collection":[{"href":"https:\/\/ornamante.com\/en\/wp-json\/wp\/v2\/product"}],"about":[{"href":"https:\/\/ornamante.com\/en\/wp-json\/wp\/v2\/types\/product"}],"replies":[{"embeddable":true,"href":"https:\/\/ornamante.com\/en\/wp-json\/wp\/v2\/comments?post=4399"}],"wp:featuredmedia":[{"embeddable":true,"href":"https:\/\/ornamante.com\/en\/wp-json\/wp\/v2\/media\/4389"}],"wp:attachment":[{"href":"https:\/\/ornamante.com\/en\/wp-json\/wp\/v2\/media?parent=4399"}],"wp:term":[{"taxonomy":"product_cat","embeddable":true,"href":"https:\/\/ornamante.com\/en\/wp-json\/wp\/v2\/product_cat?post=4399"},{"taxonomy":"product_tag","embeddable":true,"href":"https:\/\/ornamante.com\/en\/wp-json\/wp\/v2\/product_tag?post=4399"}],"curies":[{"name":"wp","href":"https:\/\/api.w.org\/{rel}","templated":true}]}}