{"id":17174,"date":"2025-04-16T12:37:24","date_gmt":"2025-04-16T10:37:24","guid":{"rendered":"https:\/\/ornamante.com\/producto\/ornamante-cristobal-tabares-ceferino-el-visitante\/"},"modified":"2025-04-16T12:37:24","modified_gmt":"2025-04-16T10:37:24","slug":"ornamante-cristobal-tabares-ceferino-el-visitante","status":"publish","type":"product","link":"https:\/\/ornamante.com\/en\/producto\/ornamante-cristobal-tabares-ceferino-el-visitante\/","title":{"rendered":"ORNAMANTE + Crist\u00f3bal Tabares &#8220;Ceferino, El Visitante&#8221;"},"content":{"rendered":"","protected":false},"excerpt":{"rendered":"<p>La colecci\u00f3n \u201cLIO\u201d es un proyecto especial de Ornamante y consiste en la intervenci\u00f3n art\u00edstica de nuestras piezas, por parte de artistas invitados de diferentes disciplinas, aportando su estilo \u00fanico y trabajando juntos para conseguir obras exclusivas que combinen lo mejor de cada universo art\u00edstico.<\/p>\n<p><strong>\u00abCeferino, El Visitante\u201d<\/strong> es una pieza \u00fanica hecha en colaboraci\u00f3n con el artista <strong>Crist\u00f3bal Tabares, <\/strong>para la edici\u00f3n especial de\u00a0<strong>LIO22.<\/strong><\/p>\n","protected":false},"featured_media":17170,"comment_status":"closed","ping_status":"closed","template":"","meta":{"_joinchat":[]},"product_cat":[],"product_tag":[],"_links":{"self":[{"href":"https:\/\/ornamante.com\/en\/wp-json\/wp\/v2\/product\/17174"}],"collection":[{"href":"https:\/\/ornamante.com\/en\/wp-json\/wp\/v2\/product"}],"about":[{"href":"https:\/\/ornamante.com\/en\/wp-json\/wp\/v2\/types\/product"}],"replies":[{"embeddable":true,"href":"https:\/\/ornamante.com\/en\/wp-json\/wp\/v2\/comments?post=17174"}],"wp:featuredmedia":[{"embeddable":true,"href":"https:\/\/ornamante.com\/en\/wp-json\/wp\/v2\/media\/17170"}],"wp:attachment":[{"href":"https:\/\/ornamante.com\/en\/wp-json\/wp\/v2\/media?parent=17174"}],"wp:term":[{"taxonomy":"product_cat","embeddable":true,"href":"https:\/\/ornamante.com\/en\/wp-json\/wp\/v2\/product_cat?post=17174"},{"taxonomy":"product_tag","embeddable":true,"href":"https:\/\/ornamante.com\/en\/wp-json\/wp\/v2\/product_tag?post=17174"}],"curies":[{"name":"wp","href":"https:\/\/api.w.org\/{rel}","templated":true}]}}