{"id":17153,"date":"2025-04-15T15:18:10","date_gmt":"2025-04-15T13:18:10","guid":{"rendered":"https:\/\/ornamante.com\/producto\/ornamante-nuria-farre-abejon-reme-in-movement\/"},"modified":"2025-04-15T15:59:17","modified_gmt":"2025-04-15T13:59:17","slug":"ornamante-nuria-farre-abejon-reme-in-movement","status":"publish","type":"product","link":"https:\/\/ornamante.com\/en\/producto\/ornamante-nuria-farre-abejon-reme-in-movement\/","title":{"rendered":"Ornamante + N\u00faria Farr\u00e9 Abej\u00f3n &#8220;Reme in Movement&#8221;"},"content":{"rendered":"","protected":false},"excerpt":{"rendered":"<p class=\"\" data-start=\"0\" data-end=\"287\">The <strong data-start=\"4\" data-end=\"24\">\u201cLIO\u201d collection<\/strong> is a special project by Ornamante, consisting of the artistic intervention of our pieces by guest artists from different disciplines. Each artist brings their unique style, working together to create exclusive works that blend the best of each artistic universe.<\/p>\n<p class=\"\" data-start=\"289\" data-end=\"431\"><strong data-start=\"289\" data-end=\"311\">&#8220;Reme in Movement&#8221;<\/strong> is a one-of-a-kind piece created in collaboration with artist <strong data-start=\"374\" data-end=\"396\">N\u00faria Farr\u00e9 Abej\u00f3n<\/strong> for the special edition <strong data-start=\"421\" data-end=\"430\">LIO22<\/strong>.<\/p>\n<p class=\"\" data-start=\"438\" data-end=\"459\"><span style=\"text-decoration: underline;\"><strong data-start=\"438\" data-end=\"459\">Technical Details<\/strong><\/span><\/p>\n<p class=\"\" data-start=\"461\" data-end=\"596\">Remedios is entirely handcrafted in eco-friendly resin, painted with acrylic paints, and finished with a satin varnish.<\/p>\n<p class=\"\" data-start=\"598\" data-end=\"703\">This is a unique, numbered piece, delivered with a signed and sealed certificate of authenticity.<\/p>\n<p class=\"\" data-start=\"705\" data-end=\"804\"><span style=\"text-decoration: underline;\"><strong data-start=\"705\" data-end=\"720\">Dimensions:<\/strong><\/span><br data-start=\"720\" data-end=\"723\" \/>Height:\u00a0\u00a0\u00a0\u00a0\u00a0\u00a0\u00a0\u00a0\u00a0\u00a0\u00a0\u00a0\u00a042 cm<br data-start=\"748\" data-end=\"751\" \/>Width:\u00a0\u00a0\u00a0\u00a0\u00a0\u00a0\u00a0\u00a0\u00a0\u00a0\u00a0\u00a0\u00a020 cm<br data-start=\"775\" data-end=\"778\" \/>Depth:\u00a0\u00a0\u00a0\u00a0\u00a0\u00a0\u00a0\u00a0\u00a0\u00a0\u00a0\u00a0\u00a032 cm<\/p>\n<p class=\"\" data-start=\"806\" data-end=\"932\"><span style=\"text-decoration: underline;\"><strong data-start=\"806\" data-end=\"817\">Weight:<\/strong><\/span><br data-start=\"817\" data-end=\"820\" \/>Each Remedios is handmade, so the final weight may vary. It usually ranges between 4 and 6 kg approximately.<\/p>\n<p class=\"\" data-start=\"934\" data-end=\"1109\"><span style=\"text-decoration: underline;\"><strong data-start=\"934\" data-end=\"950\">Precautions:<\/strong><\/span><br data-start=\"950\" data-end=\"953\" \/>Remedios is a fragile and delicate piece \u2014 avoid impacts and falls. It is designed for indoor use only, and we do not recommend placing it outdoors.<\/p>\n<p class=\"\" data-start=\"1111\" data-end=\"1229\"><span style=\"text-decoration: underline;\"><strong data-start=\"1111\" data-end=\"1124\">Cleaning:<\/strong><\/span><br data-start=\"1124\" data-end=\"1127\" \/>Dust it simply using a dry brush or feather duster. Never use harsh cleaning products or solvents.<\/p>\n<p class=\"\" data-start=\"1231\" data-end=\"1314\"><span style=\"text-decoration: underline;\"><strong data-start=\"1231\" data-end=\"1249\">Delivery Time:<\/strong><\/span><br data-start=\"1249\" data-end=\"1252\" \/>The delivery time for this piece is 1 to 10 business days.<\/p>\n","protected":false},"featured_media":17113,"comment_status":"closed","ping_status":"closed","template":"","meta":{"_joinchat":[]},"product_cat":[153],"product_tag":[],"_links":{"self":[{"href":"https:\/\/ornamante.com\/en\/wp-json\/wp\/v2\/product\/17153"}],"collection":[{"href":"https:\/\/ornamante.com\/en\/wp-json\/wp\/v2\/product"}],"about":[{"href":"https:\/\/ornamante.com\/en\/wp-json\/wp\/v2\/types\/product"}],"replies":[{"embeddable":true,"href":"https:\/\/ornamante.com\/en\/wp-json\/wp\/v2\/comments?post=17153"}],"wp:featuredmedia":[{"embeddable":true,"href":"https:\/\/ornamante.com\/en\/wp-json\/wp\/v2\/media\/17113"}],"wp:attachment":[{"href":"https:\/\/ornamante.com\/en\/wp-json\/wp\/v2\/media?parent=17153"}],"wp:term":[{"taxonomy":"product_cat","embeddable":true,"href":"https:\/\/ornamante.com\/en\/wp-json\/wp\/v2\/product_cat?post=17153"},{"taxonomy":"product_tag","embeddable":true,"href":"https:\/\/ornamante.com\/en\/wp-json\/wp\/v2\/product_tag?post=17153"}],"curies":[{"name":"wp","href":"https:\/\/api.w.org\/{rel}","templated":true}]}}